{"id":1061,"date":"2021-02-19T12:36:25","date_gmt":"2021-02-19T11:36:25","guid":{"rendered":"https:\/\/ilewasi.org\/privacy-policy\/"},"modified":"2021-02-19T12:38:45","modified_gmt":"2021-02-19T11:38:45","slug":"privacy-policy","status":"publish","type":"page","link":"https:\/\/ilewasi.org\/en\/privacy-policy\/","title":{"rendered":"Privacy Policy"},"content":{"rendered":"<h3>Pol\u00edtica de privacidad<\/h3>\n<p>In compliance with the provisions of Organic Law 15\/1999, of December 13, Protection of Personal Data, we inform you that, by completing this form, your personal data will be incorporated and processed in an automated file called ASOCIACI\u00d3N IL\u00caWASI BBDD, owned by ASOCIACI\u00d3N IL\u00caWAS, in order to manage your request, as well as to keep informed of future promotions, news and developments related to the sector.<\/p>\n<p>ASOCIACI\u00d3N IL\u00caWASI. If you agree to treat the personal data provided confidentially and not to communicate or transfer said information to third parties.You can freely and voluntarily provide the information that you request in the forms except in the fields that appear as mandatory. Failure to enter the requested information as mandatory may be considered as a consequence of not being able to attend your request.<\/p>\n<p>In turn, and by virtue of the provisions of Law 34\/2002, of July 11, on Services of the Information Society and Electronic Commerce ASOCIACI\u00d3N IL\u00caWASI, S.L. informs that you may use the email addresses provided, to send you information about its products and services, notices and offers and, in general, information of a commercial nature of interest related to the activity of the company.<\/p>\n<p>Likewise, we inform you of the possibility that you have to exercise the rights of lit, rectification, cancellation and opposition of your personal data in person at the offices of ASOCIACI\u00d3N IL\u00caWASI. accompanying a copy of your DNI, or by postal mail addressed to: ilewasi@gmail.com<\/p>\n","protected":false},"excerpt":{"rendered":"<p>Pol\u00edtica de privacidad In compliance with the provisions of Organic Law 15\/1999, of December 13, Protection of Personal Data, we inform you that, by completing this form, your personal data&#8230;<\/p>\n","protected":false},"author":1,"featured_media":0,"parent":0,"menu_order":0,"comment_status":"closed","ping_status":"closed","template":"","meta":{"_exactmetrics_skip_tracking":false,"_exactmetrics_sitenote_active":false,"_exactmetrics_sitenote_note":"","_exactmetrics_sitenote_category":0,"footnotes":""},"class_list":["post-1061","page","type-page","status-publish"],"_links":{"self":[{"href":"https:\/\/ilewasi.org\/en\/wp-json\/wp\/v2\/pages\/1061","targetHints":{"allow":["GET"]}}],"collection":[{"href":"https:\/\/ilewasi.org\/en\/wp-json\/wp\/v2\/pages"}],"about":[{"href":"https:\/\/ilewasi.org\/en\/wp-json\/wp\/v2\/types\/page"}],"author":[{"embeddable":true,"href":"https:\/\/ilewasi.org\/en\/wp-json\/wp\/v2\/users\/1"}],"replies":[{"embeddable":true,"href":"https:\/\/ilewasi.org\/en\/wp-json\/wp\/v2\/comments?post=1061"}],"version-history":[{"count":2,"href":"https:\/\/ilewasi.org\/en\/wp-json\/wp\/v2\/pages\/1061\/revisions"}],"predecessor-version":[{"id":1063,"href":"https:\/\/ilewasi.org\/en\/wp-json\/wp\/v2\/pages\/1061\/revisions\/1063"}],"wp:attachment":[{"href":"https:\/\/ilewasi.org\/en\/wp-json\/wp\/v2\/media?parent=1061"}],"curies":[{"name":"wp","href":"https:\/\/api.w.org\/{rel}","templated":true}]}}